{"id":11,"date":"2024-12-08T16:19:21","date_gmt":"2024-12-08T16:19:21","guid":{"rendered":"https:\/\/www.hkjameszh.sk\/?page_id=11"},"modified":"2026-03-05T17:31:50","modified_gmt":"2026-03-05T17:31:50","slug":"homepage","status":"publish","type":"page","link":"https:\/\/www.hkjameszh.sk\/","title":{"rendered":"Homepage"},"content":{"rendered":"\n<div class=\"wp-block-cover alignfull is-light\" style=\"min-height:100vh;aspect-ratio:unset;\"><video class=\"wp-block-cover__video-background intrinsic-ignore\" autoplay muted loop playsinline src=\"https:\/\/www.hkjameszh.sk\/wp-content\/uploads\/2024\/12\/1408-147169812.mp4\" style=\"object-position:48% 47%\" data-object-fit=\"cover\" data-object-position=\"48% 47%\"><\/video><span aria-hidden=\"true\" class=\"wp-block-cover__background has-background-dim-10 has-background-dim\" style=\"background-color:#FFF\"><\/span><div class=\"wp-block-cover__inner-container has-global-padding is-layout-constrained wp-block-cover-is-layout-constrained\">\n<figure class=\"wp-block-image size-large\"><img loading=\"lazy\" decoding=\"async\" width=\"1024\" height=\"1024\" src=\"https:\/\/www.hkjameszh.sk\/wp-content\/uploads\/2025\/02\/Transparentne-cierne-Logo-HK-JAMES-ZH-1024x1024.png\" alt=\"\" class=\"wp-image-682\" srcset=\"https:\/\/www.hkjameszh.sk\/wp-content\/uploads\/2025\/02\/Transparentne-cierne-Logo-HK-JAMES-ZH-1024x1024.png 1024w, https:\/\/www.hkjameszh.sk\/wp-content\/uploads\/2025\/02\/Transparentne-cierne-Logo-HK-JAMES-ZH-300x300.png 300w, https:\/\/www.hkjameszh.sk\/wp-content\/uploads\/2025\/02\/Transparentne-cierne-Logo-HK-JAMES-ZH-150x150.png 150w, https:\/\/www.hkjameszh.sk\/wp-content\/uploads\/2025\/02\/Transparentne-cierne-Logo-HK-JAMES-ZH-500x500.png 500w, https:\/\/www.hkjameszh.sk\/wp-content\/uploads\/2025\/02\/Transparentne-cierne-Logo-HK-JAMES-ZH-800x800.png 800w, https:\/\/www.hkjameszh.sk\/wp-content\/uploads\/2025\/02\/Transparentne-cierne-Logo-HK-JAMES-ZH-1280x1280.png 1280w, https:\/\/www.hkjameszh.sk\/wp-content\/uploads\/2025\/02\/Transparentne-cierne-Logo-HK-JAMES-ZH.png 1563w\" sizes=\"auto, (max-width: 1024px) 100vw, 1024px\" \/><\/figure>\n\n\n\n<div style=\"height:55px\" aria-hidden=\"true\" class=\"wp-block-spacer\"><\/div>\n\n\n\n<div class=\"wp-block-buttons is-content-justification-center is-layout-flex wp-container-core-buttons-is-layout-a89b3969 wp-block-buttons-is-layout-flex\"><\/div>\n<\/div><\/div>\n\n\n\n<div class=\"wp-block-group has-global-padding is-layout-constrained wp-block-group-is-layout-constrained\">\n<div style=\"height:57px\" aria-hidden=\"true\" class=\"wp-block-spacer\"><\/div>\n\n\n\n<h2 class=\"wp-block-heading has-text-align-center has-medium-font-size\" style=\"letter-spacing:1px\">Vitajte<\/h2>\n\n\n\n<figure class=\"wp-block-image aligncenter size-full is-resized\"><img loading=\"lazy\" decoding=\"async\" width=\"940\" height=\"788\" src=\"https:\/\/www.hkjameszh.sk\/wp-content\/uploads\/2024\/12\/Dizajn-bez-nazvu.png\" alt=\"\" class=\"wp-image-137\" style=\"width:142px;height:auto\" srcset=\"https:\/\/www.hkjameszh.sk\/wp-content\/uploads\/2024\/12\/Dizajn-bez-nazvu.png 940w, https:\/\/www.hkjameszh.sk\/wp-content\/uploads\/2024\/12\/Dizajn-bez-nazvu-300x251.png 300w, https:\/\/www.hkjameszh.sk\/wp-content\/uploads\/2024\/12\/Dizajn-bez-nazvu-500x419.png 500w, https:\/\/www.hkjameszh.sk\/wp-content\/uploads\/2024\/12\/Dizajn-bez-nazvu-800x671.png 800w\" sizes=\"auto, (max-width: 940px) 100vw, 940px\" \/><\/figure>\n\n\n\n<p class=\"has-text-align-center\">&#8211; Pon\u00fakame pr\u00edle\u017eitos\u0165 na rozvoj zru\u010dnost\u00ed a dobrodru\u017en\u00e9 v\u00fdpravy &#8211;<br>&#8211; Na\u0161ou misiou je in\u0161pirova\u0165 a podporova\u0165 v\u0161etk\u00fdch s chu\u0165ou pos\u00fava\u0165 svoje hranice &#8211;<br>&#8211; Ver\u00edme v silu komunity a etiku horolezectva a na\u0161ou prioritou je v\u017edy bezpe\u010dnos\u0165 a re\u0161pekt k pr\u00edrode &#8211;<br>&#8211; Sme miestom, kde n\u00e1jdete podporu, motiv\u00e1ciu a inform\u00e1cie o najnov\u0161\u00edch trendoch a technik\u00e1ch v horolezeckom svete &#8211;<\/p>\n\n\n\n<div class=\"wp-block-buttons is-horizontal is-content-justification-center is-layout-flex wp-container-core-buttons-is-layout-03627597 wp-block-buttons-is-layout-flex\">\n<div class=\"wp-block-button is-style-outline is-style-outline--1\"><a class=\"wp-block-button__link has-small-font-size has-custom-font-size wp-element-button\" href=\"https:\/\/www.hkjameszh.sk\/?page_id=12\" style=\"border-radius:0px\">O n\u00e1s<\/a><\/div>\n<\/div>\n\n\n\n<div style=\"height:57px\" aria-hidden=\"true\" class=\"wp-block-spacer\"><\/div>\n<\/div>\n\n\n\n<div class=\"wp-block-group alignfull pattern_multiple_covers has-background has-global-padding is-layout-constrained wp-block-group-is-layout-constrained\" id=\"services\" style=\"background-color:#f8f8f8\">\n<div style=\"height:0px\" aria-hidden=\"true\" class=\"wp-block-spacer\"><\/div>\n\n\n\n<p class=\"has-text-align-left has-secondary-color has-text-color\" style=\"letter-spacing:1px\">Nev\u00e1haj a pridaj sa!<\/p>\n\n\n\n<h2 class=\"wp-block-heading has-text-align-left\">Aktivity a dostupn\u00e1 pomocn\u00e1 ruka<\/h2>\n\n\n\n<div class=\"wp-block-columns is-layout-flex wp-container-core-columns-is-layout-28f84493 wp-block-columns-is-layout-flex\">\n<div class=\"wp-block-column is-layout-flow wp-block-column-is-layout-flow\" style=\"padding-top:0;padding-right:0;padding-bottom:0;padding-left:0\">\n<div class=\"wp-block-cover has-custom-content-position is-position-bottom-left\" style=\"border-radius:20px;padding-top:var(--wp--preset--spacing--small);padding-right:var(--wp--preset--spacing--x-small);padding-bottom:var(--wp--preset--spacing--small);padding-left:var(--wp--preset--spacing--x-small)\"><img loading=\"lazy\" decoding=\"async\" width=\"604\" height=\"810\" class=\"wp-block-cover__image-background wp-image-515\" alt=\"\" src=\"https:\/\/www.hkjameszh.sk\/wp-content\/uploads\/2024\/12\/Bouder.png\" data-object-fit=\"cover\" srcset=\"https:\/\/www.hkjameszh.sk\/wp-content\/uploads\/2024\/12\/Bouder.png 604w, https:\/\/www.hkjameszh.sk\/wp-content\/uploads\/2024\/12\/Bouder-224x300.png 224w, https:\/\/www.hkjameszh.sk\/wp-content\/uploads\/2024\/12\/Bouder-500x671.png 500w\" sizes=\"auto, (max-width: 604px) 100vw, 604px\" \/><span aria-hidden=\"true\" class=\"wp-block-cover__background has-primary-background-color has-background-dim\"><\/span><div class=\"wp-block-cover__inner-container is-layout-flow wp-block-cover-is-layout-flow\">\n<h3 class=\"wp-block-heading has-white-color has-text-color has-medium-font-size\" style=\"margin-top:0;margin-right:0;margin-bottom:0;margin-left:0\">Bouldrovka<\/h3>\n\n\n\n<p class=\"has-secondary-color has-text-color has-link-color wp-elements-c9819fc6107b9a682aa80d6365ca90f8\" style=\"margin-top:0;margin-right:0;margin-bottom:0;margin-left:0\"><a href=\"https:\/\/www.hkjameszh.sk\/?page_id=90\" data-type=\"link\" data-id=\"https:\/\/www.hkjameszh.sk\/?page_id=90\"><strong>Viac tu \u2192<\/strong><\/a><\/p>\n<\/div><\/div>\n<\/div>\n\n\n\n<div class=\"wp-block-column is-layout-flow wp-block-column-is-layout-flow\" style=\"padding-top:0;padding-right:0;padding-bottom:0;padding-left:0\">\n<div class=\"wp-block-cover has-custom-content-position is-position-bottom-left\" style=\"border-radius:20px;padding-top:var(--wp--preset--spacing--small);padding-right:var(--wp--preset--spacing--x-small);padding-bottom:var(--wp--preset--spacing--small);padding-left:var(--wp--preset--spacing--x-small)\"><img loading=\"lazy\" decoding=\"async\" width=\"1659\" height=\"929\" class=\"wp-block-cover__image-background wp-image-381\" alt=\"\" src=\"https:\/\/www.hkjameszh.sk\/wp-content\/uploads\/2024\/12\/Snimka-obrazovky-2024-12-12-145249.png\" data-object-fit=\"cover\" srcset=\"https:\/\/www.hkjameszh.sk\/wp-content\/uploads\/2024\/12\/Snimka-obrazovky-2024-12-12-145249.png 1659w, https:\/\/www.hkjameszh.sk\/wp-content\/uploads\/2024\/12\/Snimka-obrazovky-2024-12-12-145249-300x168.png 300w, https:\/\/www.hkjameszh.sk\/wp-content\/uploads\/2024\/12\/Snimka-obrazovky-2024-12-12-145249-1024x573.png 1024w, https:\/\/www.hkjameszh.sk\/wp-content\/uploads\/2024\/12\/Snimka-obrazovky-2024-12-12-145249-500x280.png 500w, https:\/\/www.hkjameszh.sk\/wp-content\/uploads\/2024\/12\/Snimka-obrazovky-2024-12-12-145249-800x448.png 800w, https:\/\/www.hkjameszh.sk\/wp-content\/uploads\/2024\/12\/Snimka-obrazovky-2024-12-12-145249-1280x717.png 1280w\" sizes=\"auto, (max-width: 1659px) 100vw, 1659px\" \/><span aria-hidden=\"true\" class=\"wp-block-cover__background has-primary-background-color has-background-dim\"><\/span><div class=\"wp-block-cover__inner-container is-layout-flow wp-block-cover-is-layout-flow\">\n<h3 class=\"wp-block-heading has-white-color has-text-color has-medium-font-size\" style=\"margin-top:0;margin-right:0;margin-bottom:0;margin-left:0\">Materi\u00e1l na zapo\u017ei\u010danie<\/h3>\n\n\n\n<p class=\"has-secondary-color has-text-color has-link-color wp-elements-e289bc0693c54afdc283776ec692ed58\" style=\"margin-top:0;margin-right:0;margin-bottom:0;margin-left:0\"><a href=\"https:\/\/www.hkjameszh.sk\/?page_id=91\" data-type=\"link\" data-id=\"https:\/\/www.hkjameszh.sk\/?page_id=91\"><strong>Viac tu \u2192<\/strong><\/a><\/p>\n<\/div><\/div>\n<\/div>\n\n\n\n<div class=\"wp-block-column is-layout-flow wp-block-column-is-layout-flow\" style=\"padding-top:0;padding-right:0;padding-bottom:0;padding-left:0\">\n<div class=\"wp-block-cover has-custom-content-position is-position-bottom-left\" style=\"border-radius:20px;padding-top:var(--wp--preset--spacing--small);padding-right:var(--wp--preset--spacing--x-small);padding-bottom:var(--wp--preset--spacing--small);padding-left:var(--wp--preset--spacing--x-small)\"><img loading=\"lazy\" decoding=\"async\" width=\"1024\" height=\"1024\" class=\"wp-block-cover__image-background wp-image-378\" alt=\"\" src=\"https:\/\/www.hkjameszh.sk\/wp-content\/uploads\/2024\/12\/StockCake-Horolezci-z-expedicie_1734011474.jpg\" data-object-fit=\"cover\" srcset=\"https:\/\/www.hkjameszh.sk\/wp-content\/uploads\/2024\/12\/StockCake-Horolezci-z-expedicie_1734011474.jpg 1024w, https:\/\/www.hkjameszh.sk\/wp-content\/uploads\/2024\/12\/StockCake-Horolezci-z-expedicie_1734011474-300x300.jpg 300w, https:\/\/www.hkjameszh.sk\/wp-content\/uploads\/2024\/12\/StockCake-Horolezci-z-expedicie_1734011474-150x150.jpg 150w, https:\/\/www.hkjameszh.sk\/wp-content\/uploads\/2024\/12\/StockCake-Horolezci-z-expedicie_1734011474-500x500.jpg 500w, https:\/\/www.hkjameszh.sk\/wp-content\/uploads\/2024\/12\/StockCake-Horolezci-z-expedicie_1734011474-800x800.jpg 800w\" sizes=\"auto, (max-width: 1024px) 100vw, 1024px\" \/><span aria-hidden=\"true\" class=\"wp-block-cover__background has-primary-background-color has-background-dim\"><\/span><div class=\"wp-block-cover__inner-container is-layout-flow wp-block-cover-is-layout-flow\">\n<h3 class=\"wp-block-heading has-white-color has-text-color has-medium-font-size\" style=\"margin-top:0;margin-right:0;margin-bottom:0;margin-left:0\">Pl\u00e1novan\u00e9 podujatia<\/h3>\n\n\n\n<p class=\"has-secondary-color has-text-color has-link-color wp-elements-a33942d571c672c01a3ba142aa50c9fd\" style=\"margin-top:0;margin-right:0;margin-bottom:0;margin-left:0\"><a href=\"https:\/\/www.hkjameszh.sk\/?page_id=30\" data-type=\"link\" data-id=\"https:\/\/www.hkjameszh.sk\/?page_id=30\"><strong>Viac tu \u2192<\/strong><\/a><\/p>\n<\/div><\/div>\n<\/div>\n<\/div>\n\n\n\n<div style=\"height:24px\" aria-hidden=\"true\" class=\"wp-block-spacer\"><\/div>\n<\/div>\n\n\n\n<div class=\"wp-block-group alignfull has-global-padding is-layout-constrained wp-block-group-is-layout-constrained\">\n<div class=\"wp-block-group has-global-padding is-layout-constrained wp-block-group-is-layout-constrained\" style=\"padding-top:var(--wp--preset--spacing--small);padding-bottom:var(--wp--preset--spacing--small)\">\n<div class=\"wp-block-columns is-layout-flex wp-container-core-columns-is-layout-c375d253 wp-block-columns-is-layout-flex\">\n<div class=\"wp-block-column is-vertically-aligned-center is-layout-flow wp-block-column-is-layout-flow\">\n<p class=\"has-secondary-color has-text-color\" style=\"letter-spacing:1px\">Otestuj sa na lezeck\u00fdch sten\u00e1ch !<\/p>\n\n\n\n<h2 class=\"wp-block-heading has-medium-font-size\" style=\"text-transform:uppercase\">Ihr\u00e1\u010d<\/h2>\n\n\n\n<p>Od dediny Ihr\u00e1\u010d pokra\u010dujeme smerom na Nevo\u013en\u00e9 asi 100 metrov za dedinou Ihr\u00e1\u010d sa nach\u00e1dza prudk\u00e1 z\u00e1kruta, kde hlavn\u00e1 cesta prech\u00e1dza cez potok a za\u010d\u00edna st\u00fapa\u0165 k obci Nevo\u013en\u00e9 .pri rampe je mo\u017enos\u0165 doparkova\u0165 auto a pokra\u010dujeme rovno dolinou lesnou asfaltovou cestou asi 1 km ku skal\u00e1m Upozor\u0148ujem \u017ee lokalita sa nach\u00e1dza bl\u00edzko cesty po ktorej chodia osobn\u00e9 a n\u00e1kladn\u00e9 aut\u00e1\u2026!<\/p>\n\n\n\n<p>V doline Bieli potok sa nach\u00e1dza viacej studni\u010diek v ktor\u00fdch sa m\u00f4\u017eete ovla\u017ei\u0165 tak isto sa tu nach\u00e1dza potok ktor\u00fd vo viacer\u00fdch \u010dastiach poskytuje miesto na schladenie alebo otu\u017eovanie Studni\u010dka najbli\u017e\u0161ie k skal\u00e1m sa je 50 metrov pod skalami na le\u017eisku dreva kde sa nach\u00e1dza aj informa\u010dn\u00e1 tabula n\u00e1u\u010dn\u00e9ho chodn\u00edka , ohnisko a posedenie<\/p>\n\n\n\n<div class=\"wp-block-buttons is-horizontal is-content-justification-left is-layout-flex wp-container-core-buttons-is-layout-20be11b6 wp-block-buttons-is-layout-flex\">\n<div class=\"wp-block-button is-style-outline is-style-outline--2\"><a class=\"wp-block-button__link wp-element-button\" href=\"https:\/\/www.hkjameszh.sk\/?page_id=33\" style=\"border-radius:0px\">Sprievodca Ihr\u00e1\u010d<\/a><\/div>\n<\/div>\n<\/div>\n\n\n\n<div class=\"wp-block-column is-layout-flow wp-block-column-is-layout-flow\">\n<figure class=\"wp-block-image alignright size-full is-resized has-custom-border\"><img loading=\"lazy\" decoding=\"async\" width=\"454\" height=\"681\" src=\"https:\/\/www.hkjameszh.sk\/wp-content\/uploads\/2024\/12\/image-12.png\" alt=\"\" class=\"wp-image-173\" style=\"border-radius:20px;width:369px;height:auto\" srcset=\"https:\/\/www.hkjameszh.sk\/wp-content\/uploads\/2024\/12\/image-12.png 454w, https:\/\/www.hkjameszh.sk\/wp-content\/uploads\/2024\/12\/image-12-200x300.png 200w\" sizes=\"auto, (max-width: 454px) 100vw, 454px\" \/><\/figure>\n<\/div>\n<\/div>\n\n\n\n<div style=\"height:30px\" aria-hidden=\"true\" class=\"wp-block-spacer\"><\/div>\n<\/div>\n<\/div>\n\n\n\n<div class=\"wp-block-group alignfull has-background has-global-padding is-layout-constrained wp-block-group-is-layout-constrained\" style=\"background-color:#f8f8f8\">\n<div class=\"wp-block-group has-global-padding is-layout-constrained wp-block-group-is-layout-constrained\" style=\"padding-top:var(--wp--preset--spacing--small);padding-bottom:var(--wp--preset--spacing--small)\">\n<div class=\"wp-block-columns are-vertically-aligned-center is-layout-flex wp-container-core-columns-is-layout-c375d253 wp-block-columns-is-layout-flex\">\n<div class=\"wp-block-column is-vertically-aligned-center is-layout-flow wp-block-column-is-layout-flow\">\n<figure class=\"wp-block-image size-full\"><img loading=\"lazy\" decoding=\"async\" width=\"940\" height=\"788\" src=\"https:\/\/www.hkjameszh.sk\/wp-content\/uploads\/2024\/12\/par.png\" alt=\"\" class=\"wp-image-437\" srcset=\"https:\/\/www.hkjameszh.sk\/wp-content\/uploads\/2024\/12\/par.png 940w, https:\/\/www.hkjameszh.sk\/wp-content\/uploads\/2024\/12\/par-300x251.png 300w, https:\/\/www.hkjameszh.sk\/wp-content\/uploads\/2024\/12\/par-500x419.png 500w, https:\/\/www.hkjameszh.sk\/wp-content\/uploads\/2024\/12\/par-800x671.png 800w\" sizes=\"auto, (max-width: 940px) 100vw, 940px\" \/><\/figure>\n<\/div>\n\n\n\n<div class=\"wp-block-column is-vertically-aligned-center is-layout-flow wp-block-column-is-layout-flow\">\n<h2 class=\"wp-block-heading has-medium-font-size\" style=\"text-transform:uppercase\">\u010eAKUJEME SPONZOROM A PARTNEROM!<\/h2>\n\n\n\n<p>Pova\u017eujeme za ve\u013emi d\u00f4le\u017eit\u00e9 po\u010fakova\u0165 sa v\u0161etk\u00fdm na\u0161im sponzorom <br> a partnerom, bez ktor\u00fdch by sme nedok\u00e1zali \u00faspe\u0161ne vies\u0165 spolo\u010dn\u00fd projekt v\u00fdchovy ml\u00e1de\u017ee v r\u00e1mci HK James \u017diar nad Hronom.<\/p>\n\n\n\n<p>Celoro\u010dn\u00e1 starostlivos\u0165 o chod klubu je n\u00e1ro\u010dn\u00e1. Bez nad\u0161en\u00fdch a ochotn\u00fdch sponzorov by sme to nedok\u00e1zali. Radi by sme preto touto cestou po\u010fakovali V\u00e1m v\u0161etk\u00fdm, ktor\u00ed n\u00e1m akouko\u013evek formou pom\u00e1hate. <\/p>\n\n\n\n<p>V\u010faka va\u0161ej ve\u013ekorysosti m\u00f4\u017eeme organizova\u0165 podujatia, rozv\u00edja\u0165 mlad\u00e9 talenty a prin\u00e1\u0161a\u0165 rados\u0165 z pohybu a pr\u00edrody v\u0161etk\u00fdm \u010dlenom.<\/p>\n\n\n\n<p><strong>\u010eAKUJEME!<\/strong><br><br><\/p>\n\n\n\n<div class=\"wp-block-buttons is-layout-flex wp-block-buttons-is-layout-flex\"><\/div>\n<\/div>\n<\/div>\n\n\n\n<div style=\"height:3px\" aria-hidden=\"true\" class=\"wp-block-spacer\"><\/div>\n<\/div>\n<\/div>\n\n\n\n<div id=\"team\" class=\"wp-block-group has-global-padding is-layout-constrained wp-block-group-is-layout-constrained\">\n<div class=\"wp-block-group is-layout-flow wp-block-group-is-layout-flow\">\n<p class=\"has-secondary-color has-text-color has-link-color wp-elements-98a58eadcd8059a73c8afcf542f47421\">Stretni sa s nami<\/p>\n\n\n\n<h2 class=\"wp-block-heading\">\u010clenovia v\u00fdkonn\u00e9ho v\u00fdboru<\/h2>\n\n\n\n<div style=\"height:27px\" aria-hidden=\"true\" class=\"wp-block-spacer\"><\/div>\n\n\n\n<div style=\"height:0px\" aria-hidden=\"true\" class=\"wp-block-spacer\"><\/div>\n\n\n\n<div class=\"wp-block-columns is-layout-flex wp-container-core-columns-is-layout-28f84493 wp-block-columns-is-layout-flex\">\n<div class=\"wp-block-column is-style-default is-layout-flow wp-block-column-is-layout-flow\" style=\"border-style:none;border-width:0px;padding-top:0;padding-right:0;padding-bottom:0;padding-left:0\">\n<figure class=\"wp-block-image size-full has-custom-border is-style-default\"><img loading=\"lazy\" decoding=\"async\" width=\"1327\" height=\"1628\" src=\"https:\/\/www.hkjameszh.sk\/wp-content\/uploads\/2024\/12\/1000002507-1.jpg\" alt=\"\" class=\"wp-image-266\" style=\"border-radius:20px\" srcset=\"https:\/\/www.hkjameszh.sk\/wp-content\/uploads\/2024\/12\/1000002507-1.jpg 1327w, https:\/\/www.hkjameszh.sk\/wp-content\/uploads\/2024\/12\/1000002507-1-245x300.jpg 245w, https:\/\/www.hkjameszh.sk\/wp-content\/uploads\/2024\/12\/1000002507-1-835x1024.jpg 835w, https:\/\/www.hkjameszh.sk\/wp-content\/uploads\/2024\/12\/1000002507-1-500x613.jpg 500w, https:\/\/www.hkjameszh.sk\/wp-content\/uploads\/2024\/12\/1000002507-1-800x981.jpg 800w, https:\/\/www.hkjameszh.sk\/wp-content\/uploads\/2024\/12\/1000002507-1-1280x1570.jpg 1280w\" sizes=\"auto, (max-width: 1327px) 100vw, 1327px\" \/><\/figure>\n\n\n\n<h3 class=\"wp-block-heading\">Predseda<\/h3>\n\n\n\n<p class=\"has-tertiary-color has-text-color has-link-color wp-elements-afdf0babe4f30e320d1581a5c20d8cba\">Ing. M\u00e1ria K\u00fa\u0161ikov\u00e1<br>kusikova.majka@gmail.com<br>+421 948 507 482<\/p>\n\n\n\n<p><\/p>\n<\/div>\n\n\n\n<div class=\"wp-block-column is-style-default is-layout-flow wp-block-column-is-layout-flow\" style=\"border-style:none;border-width:0px;padding-top:0;padding-right:0;padding-bottom:0;padding-left:0\">\n<figure class=\"wp-block-image size-full has-custom-border is-style-default\" style=\"margin-top:0;margin-bottom:0\"><img loading=\"lazy\" decoding=\"async\" width=\"1500\" height=\"1828\" src=\"https:\/\/www.hkjameszh.sk\/wp-content\/uploads\/2024\/12\/9c43924b-d7c1-4c3e-abe0-9c48ec53c5e3-1.jpeg\" alt=\"\" class=\"wp-image-274\" style=\"border-radius:20px\" srcset=\"https:\/\/www.hkjameszh.sk\/wp-content\/uploads\/2024\/12\/9c43924b-d7c1-4c3e-abe0-9c48ec53c5e3-1.jpeg 1500w, https:\/\/www.hkjameszh.sk\/wp-content\/uploads\/2024\/12\/9c43924b-d7c1-4c3e-abe0-9c48ec53c5e3-1-246x300.jpeg 246w, https:\/\/www.hkjameszh.sk\/wp-content\/uploads\/2024\/12\/9c43924b-d7c1-4c3e-abe0-9c48ec53c5e3-1-840x1024.jpeg 840w, https:\/\/www.hkjameszh.sk\/wp-content\/uploads\/2024\/12\/9c43924b-d7c1-4c3e-abe0-9c48ec53c5e3-1-500x609.jpeg 500w, https:\/\/www.hkjameszh.sk\/wp-content\/uploads\/2024\/12\/9c43924b-d7c1-4c3e-abe0-9c48ec53c5e3-1-800x975.jpeg 800w, https:\/\/www.hkjameszh.sk\/wp-content\/uploads\/2024\/12\/9c43924b-d7c1-4c3e-abe0-9c48ec53c5e3-1-1280x1560.jpeg 1280w\" sizes=\"auto, (max-width: 1500px) 100vw, 1500px\" \/><\/figure>\n\n\n\n<h3 class=\"wp-block-heading\">Podpredseda<\/h3>\n\n\n\n<p class=\"has-tertiary-color has-text-color has-link-color wp-elements-c24940184e84190f729905dafbb71192\">Mgr. Radka Heribanov\u00e1\nslajfercikova.radka@gmail.com<br>\n+421 948 507 482<\/p>\n<\/div>\n\n\n\n<div class=\"wp-block-column is-style-default is-layout-flow wp-block-column-is-layout-flow\" style=\"border-style:none;border-width:0px;padding-top:0;padding-right:0;padding-bottom:0;padding-left:0\">\n<figure class=\"wp-block-image size-full is-resized has-custom-border is-style-default\"><img loading=\"lazy\" decoding=\"async\" width=\"1024\" height=\"1365\" src=\"https:\/\/www.hkjameszh.sk\/wp-content\/uploads\/2024\/12\/5f5c3ed9-02a6-4c41-960b-28fba540ace3-1-2.jpeg\" alt=\"\" class=\"wp-image-279\" style=\"border-radius:20px;width:334px;height:auto\" srcset=\"https:\/\/www.hkjameszh.sk\/wp-content\/uploads\/2024\/12\/5f5c3ed9-02a6-4c41-960b-28fba540ace3-1-2.jpeg 1024w, https:\/\/www.hkjameszh.sk\/wp-content\/uploads\/2024\/12\/5f5c3ed9-02a6-4c41-960b-28fba540ace3-1-2-225x300.jpeg 225w, https:\/\/www.hkjameszh.sk\/wp-content\/uploads\/2024\/12\/5f5c3ed9-02a6-4c41-960b-28fba540ace3-1-2-768x1024.jpeg 768w, https:\/\/www.hkjameszh.sk\/wp-content\/uploads\/2024\/12\/5f5c3ed9-02a6-4c41-960b-28fba540ace3-1-2-500x667.jpeg 500w, https:\/\/www.hkjameszh.sk\/wp-content\/uploads\/2024\/12\/5f5c3ed9-02a6-4c41-960b-28fba540ace3-1-2-800x1066.jpeg 800w\" sizes=\"auto, (max-width: 1024px) 100vw, 1024px\" \/><\/figure>\n\n\n\n<h3 class=\"wp-block-heading\">Hospod\u00e1r<\/h3>\n\n\n\n<p class=\"has-tertiary-color has-text-color has-link-color wp-elements-6c0e32caaf2f530398f89efdce9b2b71\">Ing. Katka Drienkov\u00e1<\/p>\n\n\n\n<p><\/p>\n\n\n\n<p><\/p>\n<\/div>\n<\/div>\n\n\n\n<div class=\"wp-block-buttons is-content-justification-center is-layout-flex wp-container-core-buttons-is-layout-a89b3969 wp-block-buttons-is-layout-flex\">\n<div class=\"wp-block-button is-style-outline is-style-outline--3\"><a class=\"wp-block-button__link wp-element-button\" href=\"https:\/\/www.hkjameszh.sk\/?page_id=289\" style=\"border-radius:0px\">\u010clenovia<\/a><\/div>\n<\/div>\n<\/div>\n<\/div>\n\n\n\n<div class=\"wp-block-cover alignfull has-parallax is-position-center-center\" style=\"border-radius:0px\"><div class=\"wp-block-cover__image-background wp-image-69 has-parallax\" style=\"background-position:50% 50%;background-image:url(https:\/\/www.hkjameszh.sk\/wp-content\/uploads\/2024\/12\/panorama.webp)\"><\/div><span aria-hidden=\"true\" class=\"wp-block-cover__background has-black-background-color has-background-dim-40 has-background-dim\"><\/span><div class=\"wp-block-cover__inner-container is-layout-flow wp-block-cover-is-layout-flow\">\n<div class=\"wp-block-group has-global-padding is-layout-constrained wp-block-group-is-layout-constrained\">\n<h3 class=\"wp-block-heading has-text-align-center has-text-color has-medium-font-size\" style=\"color:#fffffa;text-transform:uppercase\">Dosiahnu\u0165 vrchol, prekona\u0165 seba<\/h3>\n\n\n\n<p class=\"has-text-align-center has-white-color has-text-color\"><strong>\u201eHory s\u00fa miestom, kde sa sp\u00e1ja odvaha s pokorou a vytrvalos\u0165 s re\u0161pektom. Ka\u017ed\u00fd v\u00fdstup nie je len o dosiahnut\u00ed vrcholu, ale o objaven\u00ed vlastn\u00fdch hran\u00edc a ich prekonan\u00ed. Ka\u017ed\u00fd kame\u0148 pod nohami a ka\u017ed\u00fd n\u00e1dych pripom\u00edna, \u017ee najv\u00e4\u010d\u0161ia cesta je t\u00e1, ktor\u00fa prech\u00e1dzame vo svojom vn\u00fatri.\u201c<\/strong><\/p>\n<\/div>\n<\/div><\/div>\n\n\n\n<div id=\"news\" class=\"wp-block-group has-global-padding is-layout-constrained wp-block-group-is-layout-constrained\">\n<div style=\"height:36px\" aria-hidden=\"true\" class=\"wp-block-spacer\"><\/div>\n\n\n\n<h3 class=\"wp-block-heading has-text-align-center\">Nie je to hora, ktor\u00fa zdol\u00e1\u0161, ale s\u00e1m seba.\u201c \u2013 Sir Edmund Hillary<\/h3>\n\n\n\n<div style=\"height:29px\" aria-hidden=\"true\" class=\"wp-block-spacer\"><\/div>\n<\/div>\n\n\n\n<p><\/p>\n","protected":false},"excerpt":{"rendered":"<p>Vitajte &#8211; Pon\u00fakame pr\u00edle\u017eitos\u0165 na rozvoj zru\u010dnost\u00ed a dobrodru\u017en\u00e9 v\u00fdpravy &#8211;&#8211; Na\u0161ou misiou je in\u0161pirova\u0165 a podporova\u0165 v\u0161etk\u00fdch s chu\u0165ou pos\u00fava\u0165 svoje hranice &#8211;&#8211; Ver\u00edme v silu komunity a etiku &hellip; <\/p>\n<p class=\"link-more\"><a href=\"https:\/\/www.hkjameszh.sk\/\" class=\"more-link\">Read more<span class=\"screen-reader-text\"> &#8222;Homepage&#8220;<\/span><\/a><\/p>\n","protected":false},"author":1,"featured_media":0,"parent":0,"menu_order":0,"comment_status":"closed","ping_status":"closed","template":"page-templates\/homepage-no-hero.php","meta":{"_vp_format_video_url":"","_vp_image_focal_point":[],"footnotes":""},"class_list":["post-11","page","type-page","status-publish","hentry"],"_links":{"self":[{"href":"https:\/\/www.hkjameszh.sk\/index.php?rest_route=\/wp\/v2\/pages\/11","targetHints":{"allow":["GET"]}}],"collection":[{"href":"https:\/\/www.hkjameszh.sk\/index.php?rest_route=\/wp\/v2\/pages"}],"about":[{"href":"https:\/\/www.hkjameszh.sk\/index.php?rest_route=\/wp\/v2\/types\/page"}],"author":[{"embeddable":true,"href":"https:\/\/www.hkjameszh.sk\/index.php?rest_route=\/wp\/v2\/users\/1"}],"replies":[{"embeddable":true,"href":"https:\/\/www.hkjameszh.sk\/index.php?rest_route=%2Fwp%2Fv2%2Fcomments&post=11"}],"version-history":[{"count":104,"href":"https:\/\/www.hkjameszh.sk\/index.php?rest_route=\/wp\/v2\/pages\/11\/revisions"}],"predecessor-version":[{"id":813,"href":"https:\/\/www.hkjameszh.sk\/index.php?rest_route=\/wp\/v2\/pages\/11\/revisions\/813"}],"wp:attachment":[{"href":"https:\/\/www.hkjameszh.sk\/index.php?rest_route=%2Fwp%2Fv2%2Fmedia&parent=11"}],"curies":[{"name":"wp","href":"https:\/\/api.w.org\/{rel}","templated":true}]}}