{"id":12,"date":"2024-12-08T16:19:22","date_gmt":"2024-12-08T16:19:22","guid":{"rendered":"https:\/\/www.hkjameszh.sk\/?page_id=12"},"modified":"2024-12-12T13:56:47","modified_gmt":"2024-12-12T13:56:47","slug":"about","status":"publish","type":"page","link":"https:\/\/www.hkjameszh.sk\/?page_id=12","title":{"rendered":"O n\u00e1s"},"content":{"rendered":"\n<h3 class=\"wp-block-heading has-text-align-center\" id=\"inspiro-is-a-digital-product-agency-that-focuses-on-strategy-and-desig\">Vitajte na mieste, kde v\u00e1\u0161e\u0148 pre horolezectvo sp\u00e1ja \u013eud\u00ed. <\/h3>\n\n\n\n<h3 class=\"wp-block-heading alignwide has-text-align-center\" id=\"inspiro-is-a-digital-product-agency-that-focuses-on-strategy-and-design\" style=\"font-size:clamp(17.371px, 1.086rem + ((1vw - 3.2px) * 1.003), 27px);font-style:normal;font-weight:300\">\u201eHory n\u00e1s u\u010dia pokore a vytrvalosti. Ka\u017ed\u00fd krok na vrchol je krokom k silnej\u0161iemu ja.\u201c<\/h3>\n\n\n\n<hr class=\"wp-block-separator has-alpha-channel-opacity is-style-wide\"\/>\n\n\n\n<div class=\"wp-block-group alignwide has-global-padding is-layout-constrained wp-block-group-is-layout-constrained\">\n<p class=\"has-text-align-left\">Sme komunita horolezcov, ktor\u00ed si klad\u00fa za cie\u013e nielen dosiahnu\u0165 nov\u00e9 v\u00fd\u0161iny, ale aj vytv\u00e1ra\u0165 siln\u00e9 priate\u013estv\u00e1 a spolo\u010dne prekon\u00e1va\u0165 v\u00fdzvy, ktor\u00e9 n\u00e1m pr\u00edroda stavia do cesty. <\/p>\n\n\n\n<p class=\"has-text-align-left\">Na\u0161e korene siahaj\u00fa do roku 1995, odkedy sme nepretr\u017eite r\u00e1stli, a dnes sme jedn\u00fdm z popredn\u00fdch klubov, pon\u00fakaj\u00facim \u0161irok\u00e9 spektrum pr\u00edle\u017eitost\u00ed na rozvoj zru\u010dnost\u00ed a dobrodru\u017en\u00fdch v\u00fdprav.<\/p>\n\n\n\n<p class=\"has-text-align-left\">Na\u0161ou misiou je in\u0161pirova\u0165 a podporova\u0165 jednotlivcov, ktor\u00ed maj\u00fa chu\u0165 pos\u00fava\u0165 svoje hranice a zdie\u013ea\u0165 svoj progres v kolegi\u00e1lnom a podpornom prostred\u00ed. Ver\u00edme v silu komunity, udr\u017eate\u013enos\u0165 a etiku horolezectva, pri\u010dom na\u0161ou prioritou je v\u017edy bezpe\u010dnos\u0165 a re\u0161pekt k pr\u00edrode, ktor\u00e1 n\u00e1s obklopuje.<\/p>\n\n\n\n<p class=\"has-text-align-left\">Pre horolezcov je klub miestom, kde m\u00f4\u017eu n\u00e1js\u0165 podporu, motiv\u00e1ciu a inform\u00e1cie o najnov\u0161\u00edch trendoch a technik\u00e1ch v horolezeckom svete.<\/p>\n\n\n\n<p class=\"has-text-align-center has-secondary-color has-text-color has-link-color wp-elements-7284bf15b61d3466241d370b055143a1\">&#8211; Nev\u00e1haj a pridaj sa k n\u00e1m &#8211;<\/p>\n\n\n\n<hr class=\"wp-block-separator has-alpha-channel-opacity is-style-wide\"\/>\n\n\n\n<div style=\"height:70px\" aria-hidden=\"true\" class=\"wp-block-spacer\"><\/div>\n<\/div>\n","protected":false},"excerpt":{"rendered":"<p>Vitajte na mieste, kde v\u00e1\u0161e\u0148 pre horolezectvo sp\u00e1ja \u013eud\u00ed. \u201eHory n\u00e1s u\u010dia pokore a vytrvalosti. Ka\u017ed\u00fd krok na vrchol je krokom k silnej\u0161iemu ja.\u201c Sme komunita horolezcov, ktor\u00ed si klad\u00fa &hellip; <\/p>\n<p class=\"link-more\"><a href=\"https:\/\/www.hkjameszh.sk\/?page_id=12\" class=\"more-link\">Read more<span class=\"screen-reader-text\"> &#8222;O n\u00e1s&#8220;<\/span><\/a><\/p>\n","protected":false},"author":1,"featured_media":376,"parent":0,"menu_order":0,"comment_status":"closed","ping_status":"closed","template":"","meta":{"_vp_format_video_url":"","_vp_image_focal_point":[],"footnotes":""},"class_list":["post-12","page","type-page","status-publish","has-post-thumbnail","hentry"],"_links":{"self":[{"href":"https:\/\/www.hkjameszh.sk\/index.php?rest_route=\/wp\/v2\/pages\/12","targetHints":{"allow":["GET"]}}],"collection":[{"href":"https:\/\/www.hkjameszh.sk\/index.php?rest_route=\/wp\/v2\/pages"}],"about":[{"href":"https:\/\/www.hkjameszh.sk\/index.php?rest_route=\/wp\/v2\/types\/page"}],"author":[{"embeddable":true,"href":"https:\/\/www.hkjameszh.sk\/index.php?rest_route=\/wp\/v2\/users\/1"}],"replies":[{"embeddable":true,"href":"https:\/\/www.hkjameszh.sk\/index.php?rest_route=%2Fwp%2Fv2%2Fcomments&post=12"}],"version-history":[{"count":19,"href":"https:\/\/www.hkjameszh.sk\/index.php?rest_route=\/wp\/v2\/pages\/12\/revisions"}],"predecessor-version":[{"id":262,"href":"https:\/\/www.hkjameszh.sk\/index.php?rest_route=\/wp\/v2\/pages\/12\/revisions\/262"}],"wp:featuredmedia":[{"embeddable":true,"href":"https:\/\/www.hkjameszh.sk\/index.php?rest_route=\/wp\/v2\/media\/376"}],"wp:attachment":[{"href":"https:\/\/www.hkjameszh.sk\/index.php?rest_route=%2Fwp%2Fv2%2Fmedia&parent=12"}],"curies":[{"name":"wp","href":"https:\/\/api.w.org\/{rel}","templated":true}]}}