{"id":289,"date":"2024-12-11T18:49:07","date_gmt":"2024-12-11T18:49:07","guid":{"rendered":"https:\/\/www.hkjameszh.sk\/?page_id=289"},"modified":"2026-03-20T06:56:01","modified_gmt":"2026-03-20T06:56:01","slug":"clenovia","status":"publish","type":"page","link":"https:\/\/www.hkjameszh.sk\/?page_id=289","title":{"rendered":"\u010clenovia"},"content":{"rendered":"\n<p><\/p>\n\n\n\n<div class=\"wp-block-columns is-layout-flex wp-container-core-columns-is-layout-28f84493 wp-block-columns-is-layout-flex\">\n<div class=\"wp-block-column is-layout-flow wp-block-column-is-layout-flow\">\n<p><strong>V\u00fdkonn\u00fd v\u00fdbor:<\/strong><\/p>\n\n\n\n<p>Ing. Majka K\u00fa\u0161ikov\u00e1, predseda<br>Mgr. Radka Heribanov\u00e1, podpredseda<br>Ing. Katka Drienkov\u00e1, hospod\u00e1r<br>Ing. Filip Bal\u00e1\u017e, rev\u00edzor<\/p>\n\n\n\n<p><strong>\u0160portov\u00e1 komisia:<\/strong><br>Miro K\u00fadela, predseda<br>Pa\u0165o \u0160panko<br>Karol Tapfer<br>Peter Matej\u00ed\u010dek<\/p>\n\n\n\n<p><strong>Spr\u00e1vca materi\u00e1lu:<\/strong><br>Ing. Tom\u00e1\u0161 Heriban<\/p>\n\n\n\n<p><strong>In\u0161truktori pre pr\u00e1cu s de\u0165mi<\/strong>:<\/p>\n\n\n\n<div class=\"wp-block-group has-global-padding is-layout-constrained wp-block-group-is-layout-constrained\">\n<p>Mgr. Radka Heribanov\u00e1   +421 948 507 482<br>Peter K\u00fa\u0161ik                       +421 917 647 082<br>Ing. Tom\u00e1\u0161 Heriban         +421 910 968 821<br>Peter Ton\u010d\u00edk                     +421 911 075 079                                           <\/p>\n\n\n\n<p>Zuzana Buchalov\u00e1           +421  911 101 614                                <\/p>\n\n\n\n<p><\/p>\n\n\n\n<p><\/p>\n\n\n\n<p><\/p>\n\n\n\n<p><\/p>\n<\/div>\n<\/div>\n\n\n\n<div class=\"wp-block-column is-layout-flow wp-block-column-is-layout-flow\">\n<figure class=\"wp-block-image size-full is-resized has-custom-border is-style-default\" style=\"margin-top:0;margin-bottom:0\"><img loading=\"lazy\" decoding=\"async\" width=\"799\" height=\"1200\" src=\"https:\/\/www.hkjameszh.sk\/wp-content\/uploads\/2024\/12\/770fdcc1-dfe2-498f-a65e-2454eee9b596.jpeg\" alt=\"\" class=\"wp-image-382\" style=\"border-style:none;border-width:0px;border-radius:27px;width:357px;height:auto\" srcset=\"https:\/\/www.hkjameszh.sk\/wp-content\/uploads\/2024\/12\/770fdcc1-dfe2-498f-a65e-2454eee9b596.jpeg 799w, https:\/\/www.hkjameszh.sk\/wp-content\/uploads\/2024\/12\/770fdcc1-dfe2-498f-a65e-2454eee9b596-200x300.jpeg 200w, https:\/\/www.hkjameszh.sk\/wp-content\/uploads\/2024\/12\/770fdcc1-dfe2-498f-a65e-2454eee9b596-682x1024.jpeg 682w, https:\/\/www.hkjameszh.sk\/wp-content\/uploads\/2024\/12\/770fdcc1-dfe2-498f-a65e-2454eee9b596-500x751.jpeg 500w\" sizes=\"auto, (max-width: 799px) 100vw, 799px\" \/><figcaption class=\"wp-element-caption\">Milan ( <em>Emil )Truba\u010d<\/em><\/figcaption><\/figure>\n<\/div>\n<\/div>\n\n\n\n<div style=\"height:57px\" aria-hidden=\"true\" class=\"wp-block-spacer\"><\/div>\n\n\n\n<p><\/p>\n","protected":false},"excerpt":{"rendered":"<p>V\u00fdkonn\u00fd v\u00fdbor: Ing. Majka K\u00fa\u0161ikov\u00e1, predsedaMgr. Radka Heribanov\u00e1, podpredsedaIng. Katka Drienkov\u00e1, hospod\u00e1rIng. Filip Bal\u00e1\u017e, rev\u00edzor \u0160portov\u00e1 komisia:Miro K\u00fadela, predsedaPa\u0165o \u0160pankoKarol TapferPeter Matej\u00ed\u010dek Spr\u00e1vca materi\u00e1lu:Ing. Tom\u00e1\u0161 Heriban In\u0161truktori pre pr\u00e1cu s &hellip; <\/p>\n<p class=\"link-more\"><a href=\"https:\/\/www.hkjameszh.sk\/?page_id=289\" class=\"more-link\">Read more<span class=\"screen-reader-text\"> &#8222;\u010clenovia&#8220;<\/span><\/a><\/p>\n","protected":false},"author":1,"featured_media":377,"parent":0,"menu_order":0,"comment_status":"closed","ping_status":"closed","template":"","meta":{"_vp_format_video_url":"","_vp_image_focal_point":[],"footnotes":""},"class_list":["post-289","page","type-page","status-publish","has-post-thumbnail","hentry"],"_links":{"self":[{"href":"https:\/\/www.hkjameszh.sk\/index.php?rest_route=\/wp\/v2\/pages\/289","targetHints":{"allow":["GET"]}}],"collection":[{"href":"https:\/\/www.hkjameszh.sk\/index.php?rest_route=\/wp\/v2\/pages"}],"about":[{"href":"https:\/\/www.hkjameszh.sk\/index.php?rest_route=\/wp\/v2\/types\/page"}],"author":[{"embeddable":true,"href":"https:\/\/www.hkjameszh.sk\/index.php?rest_route=\/wp\/v2\/users\/1"}],"replies":[{"embeddable":true,"href":"https:\/\/www.hkjameszh.sk\/index.php?rest_route=%2Fwp%2Fv2%2Fcomments&post=289"}],"version-history":[{"count":28,"href":"https:\/\/www.hkjameszh.sk\/index.php?rest_route=\/wp\/v2\/pages\/289\/revisions"}],"predecessor-version":[{"id":852,"href":"https:\/\/www.hkjameszh.sk\/index.php?rest_route=\/wp\/v2\/pages\/289\/revisions\/852"}],"wp:featuredmedia":[{"embeddable":true,"href":"https:\/\/www.hkjameszh.sk\/index.php?rest_route=\/wp\/v2\/media\/377"}],"wp:attachment":[{"href":"https:\/\/www.hkjameszh.sk\/index.php?rest_route=%2Fwp%2Fv2%2Fmedia&parent=289"}],"curies":[{"name":"wp","href":"https:\/\/api.w.org\/{rel}","templated":true}]}}