{"id":321,"date":"2024-12-11T19:21:45","date_gmt":"2024-12-11T19:21:45","guid":{"rendered":"https:\/\/www.hkjameszh.sk\/?page_id=321"},"modified":"2024-12-15T09:21:23","modified_gmt":"2024-12-15T09:21:23","slug":"prochot","status":"publish","type":"page","link":"https:\/\/www.hkjameszh.sk\/?page_id=321","title":{"rendered":"Prochot"},"content":{"rendered":"\n<figure class=\"wp-block-image alignwide size-large has-custom-border\"><img loading=\"lazy\" decoding=\"async\" width=\"1024\" height=\"682\" src=\"https:\/\/www.hkjameszh.sk\/wp-content\/uploads\/2024\/12\/PR1-1024x682.png\" alt=\"\" class=\"wp-image-337\" style=\"border-radius:20px\" srcset=\"https:\/\/www.hkjameszh.sk\/wp-content\/uploads\/2024\/12\/PR1-1024x682.png 1024w, https:\/\/www.hkjameszh.sk\/wp-content\/uploads\/2024\/12\/PR1-300x200.png 300w, https:\/\/www.hkjameszh.sk\/wp-content\/uploads\/2024\/12\/PR1-2000x1332.png 2000w, https:\/\/www.hkjameszh.sk\/wp-content\/uploads\/2024\/12\/PR1-500x333.png 500w, https:\/\/www.hkjameszh.sk\/wp-content\/uploads\/2024\/12\/PR1-800x533.png 800w, https:\/\/www.hkjameszh.sk\/wp-content\/uploads\/2024\/12\/PR1-1280x853.png 1280w, https:\/\/www.hkjameszh.sk\/wp-content\/uploads\/2024\/12\/PR1-1920x1279.png 1920w\" sizes=\"auto, (max-width: 1024px) 100vw, 1024px\" \/><\/figure>\n\n\n\n<figure class=\"wp-block-image alignwide size-large has-custom-border\"><img loading=\"lazy\" decoding=\"async\" width=\"1024\" height=\"682\" src=\"https:\/\/www.hkjameszh.sk\/wp-content\/uploads\/2024\/12\/pr3-1024x682.png\" alt=\"\" class=\"wp-image-336\" style=\"border-radius:20px\" srcset=\"https:\/\/www.hkjameszh.sk\/wp-content\/uploads\/2024\/12\/pr3-1024x682.png 1024w, https:\/\/www.hkjameszh.sk\/wp-content\/uploads\/2024\/12\/pr3-300x200.png 300w, https:\/\/www.hkjameszh.sk\/wp-content\/uploads\/2024\/12\/pr3-2000x1332.png 2000w, https:\/\/www.hkjameszh.sk\/wp-content\/uploads\/2024\/12\/pr3-500x333.png 500w, https:\/\/www.hkjameszh.sk\/wp-content\/uploads\/2024\/12\/pr3-800x533.png 800w, https:\/\/www.hkjameszh.sk\/wp-content\/uploads\/2024\/12\/pr3-1280x853.png 1280w, https:\/\/www.hkjameszh.sk\/wp-content\/uploads\/2024\/12\/pr3-1920x1279.png 1920w\" sizes=\"auto, (max-width: 1024px) 100vw, 1024px\" \/><\/figure>\n\n\n\n<div class=\"wp-block-columns is-layout-flex wp-container-core-columns-is-layout-28f84493 wp-block-columns-is-layout-flex\">\n<div class=\"wp-block-column is-layout-flow wp-block-column-is-layout-flow\">\n<figure class=\"wp-block-image size-large has-custom-border\"><img loading=\"lazy\" decoding=\"async\" width=\"687\" height=\"1024\" src=\"https:\/\/www.hkjameszh.sk\/wp-content\/uploads\/2024\/12\/pr5-687x1024.png\" alt=\"\" class=\"wp-image-334\" style=\"border-radius:20px\" srcset=\"https:\/\/www.hkjameszh.sk\/wp-content\/uploads\/2024\/12\/pr5-687x1024.png 687w, https:\/\/www.hkjameszh.sk\/wp-content\/uploads\/2024\/12\/pr5-201x300.png 201w, https:\/\/www.hkjameszh.sk\/wp-content\/uploads\/2024\/12\/pr5-500x745.png 500w, https:\/\/www.hkjameszh.sk\/wp-content\/uploads\/2024\/12\/pr5-800x1192.png 800w, https:\/\/www.hkjameszh.sk\/wp-content\/uploads\/2024\/12\/pr5-1280x1907.png 1280w, https:\/\/www.hkjameszh.sk\/wp-content\/uploads\/2024\/12\/pr5.png 1486w\" sizes=\"auto, (max-width: 687px) 100vw, 687px\" \/><\/figure>\n<\/div>\n\n\n\n<div class=\"wp-block-column is-layout-flow wp-block-column-is-layout-flow\">\n<figure class=\"wp-block-image size-large has-custom-border\"><img loading=\"lazy\" decoding=\"async\" width=\"687\" height=\"1024\" src=\"https:\/\/www.hkjameszh.sk\/wp-content\/uploads\/2024\/12\/pr4-687x1024.png\" alt=\"\" class=\"wp-image-333\" style=\"border-radius:20px\" srcset=\"https:\/\/www.hkjameszh.sk\/wp-content\/uploads\/2024\/12\/pr4-687x1024.png 687w, https:\/\/www.hkjameszh.sk\/wp-content\/uploads\/2024\/12\/pr4-201x300.png 201w, https:\/\/www.hkjameszh.sk\/wp-content\/uploads\/2024\/12\/pr4-500x745.png 500w, https:\/\/www.hkjameszh.sk\/wp-content\/uploads\/2024\/12\/pr4-800x1192.png 800w, https:\/\/www.hkjameszh.sk\/wp-content\/uploads\/2024\/12\/pr4-1280x1907.png 1280w, https:\/\/www.hkjameszh.sk\/wp-content\/uploads\/2024\/12\/pr4.png 1486w\" sizes=\"auto, (max-width: 687px) 100vw, 687px\" \/><\/figure>\n<\/div>\n\n\n\n<div class=\"wp-block-column is-layout-flow wp-block-column-is-layout-flow\">\n<figure class=\"wp-block-image size-large has-custom-border\"><img loading=\"lazy\" decoding=\"async\" width=\"687\" height=\"1024\" src=\"https:\/\/www.hkjameszh.sk\/wp-content\/uploads\/2024\/12\/pr2-687x1024.png\" alt=\"\" class=\"wp-image-335\" style=\"border-radius:20px\" srcset=\"https:\/\/www.hkjameszh.sk\/wp-content\/uploads\/2024\/12\/pr2-687x1024.png 687w, https:\/\/www.hkjameszh.sk\/wp-content\/uploads\/2024\/12\/pr2-201x300.png 201w, https:\/\/www.hkjameszh.sk\/wp-content\/uploads\/2024\/12\/pr2-500x745.png 500w, https:\/\/www.hkjameszh.sk\/wp-content\/uploads\/2024\/12\/pr2-800x1192.png 800w, https:\/\/www.hkjameszh.sk\/wp-content\/uploads\/2024\/12\/pr2-1280x1907.png 1280w, https:\/\/www.hkjameszh.sk\/wp-content\/uploads\/2024\/12\/pr2.png 1486w\" sizes=\"auto, (max-width: 687px) 100vw, 687px\" \/><\/figure>\n<\/div>\n<\/div>\n\n\n\n<div class=\"wp-block-columns is-layout-flex wp-container-core-columns-is-layout-28f84493 wp-block-columns-is-layout-flex\">\n<div class=\"wp-block-column is-layout-flow wp-block-column-is-layout-flow\"><\/div>\n\n\n\n<div class=\"wp-block-column is-layout-flow wp-block-column-is-layout-flow\"><\/div>\n<\/div>\n\n\n\n<ol class=\"wp-block-list\">\n<li>Pre srnku (\u010euri &#8211; 2010)<\/li>\n\n\n\n<li>Pima\u010daja, <strong>IV<\/strong> (Vinco-2009)<\/li>\n\n\n\n<li>Zo\u010di-vo\u010di, <strong>IV<\/strong> (\u010euri-2009)<\/li>\n\n\n\n<li>Prav\u00fd previs, <strong>V+<\/strong> (B\u00e9la, K\u00fa\u0161ik \u2013 1998)<\/li>\n\n\n\n<li>Kvik, <strong>VII<\/strong> (VII+B\u00e9la, K\u00fa\u0161ik \u2013 1998)<\/li>\n\n\n\n<li>Babi\u010dkina, <strong>VII-<\/strong> (B\u00e9la, K\u00fa\u0161ik \u2013 1998)<\/li>\n\n\n\n<li>Zradn\u00e1, <strong>VII+ <\/strong>(B\u00e9la, K\u00fa\u0161ik \u2013 1998)<\/li>\n\n\n\n<li>Guanova, <strong>VI<\/strong> (B\u00e9la, K\u00fa\u0161ik \u2013 1998)<\/li>\n\n\n\n<li>Vladovina, &#8230;&#8230; (Vlado \u2013 2011)<\/li>\n\n\n\n<li>StaroKr\u00e1lovsk\u00e1, <strong>III<\/strong> (Commo \u2013 2009), neisten\u00e9<\/li>\n\n\n\n<li>Be, &#8230;&#8230; (Stano, Commo \u2013 2009)<\/li>\n\n\n\n<li>Ce, &#8230;&#8230; (Stano, Commo \u2013 2009)<\/li>\n\n\n\n<li>Da, &#8230;&#8230; (Stano, Commo \u2013 2009)<\/li>\n\n\n\n<li>Hrob\u00e1rova lopata, <strong>V<\/strong> (Commo \u2013 2009)<\/li>\n\n\n\n<li>Ma\u0148ana, <strong>V+<\/strong> (&#8230;.., 2008)<\/li>\n\n\n\n<li>Bob, <strong>VI+<\/strong> (Stano, 2009)<\/li>\n\n\n\n<li>Bobek, <strong>VI <\/strong>(Stano, 2009)<\/li>\n\n\n\n<li>Predsedova depresia, <strong>IV+<\/strong> (Magy, \u010euri \u2013 2009)<\/li>\n\n\n\n<li>Parabunda, <strong>V<\/strong> (\u010euri \u2013 2009)<\/li>\n\n\n\n<li>K\u0155\u010dov\u00e9 prsty, <strong>IV+<\/strong> (\u010euri, Stano \u2013 2009)<\/li>\n\n\n\n<li>3v\u00fdhonky, <strong>VI+<\/strong> (Vinco, Stano \u2013 2009)<\/li>\n\n\n\n<li>Komovina, &#8230;. (Commo \u2013 2011)<\/li>\n\n\n\n<li>Z l\u00e1sky k bl\u00ed\u017enemu , <strong>VI+<\/strong> (Vinco, \u010euri \u2013 2009)<\/li>\n\n\n\n<li>Kr\u00e1\u013eovsk\u00e1, <strong>VIII-<\/strong> (B\u00e9la, K\u00fa\u0161ik \u2013 1998)<\/li>\n\n\n\n<li>Vank\u00fa\u0161ik , <strong>VIII-<\/strong> (B\u00e9la, K\u00fa\u0161ik \u2013 1998)<\/li>\n\n\n\n<li>Uk\u00e1\u017e \u010do vie\u0161, <strong>VII-<\/strong> (Vinco, 2010)<\/li>\n<\/ol>\n\n\n\n<div data-wp-interactive=\"core\/file\" class=\"wp-block-file\"><object data-wp-bind--hidden=\"!state.hasPdfPreview\" hidden class=\"wp-block-file__embed\" data=\"https:\/\/www.hkjameszh.sk\/wp-content\/uploads\/2024\/12\/Komory-sprievodca.pdf\" type=\"application\/pdf\" style=\"width:100%;height:600px\" aria-label=\"Vlo\u017ei\u0165 Komory - sprievodca.\"><\/object><a id=\"wp-block-file--media-e95fef8d-3a1e-4488-b7ff-c2c88d26fe10\" href=\"https:\/\/www.hkjameszh.sk\/wp-content\/uploads\/2024\/12\/Komory-sprievodca.pdf\">Komory &#8211; sprievodca<\/a><a href=\"https:\/\/www.hkjameszh.sk\/wp-content\/uploads\/2024\/12\/Komory-sprievodca.pdf\" class=\"wp-block-file__button wp-element-button\" download aria-describedby=\"wp-block-file--media-e95fef8d-3a1e-4488-b7ff-c2c88d26fe10\">Stiahnu\u0165<\/a><\/div>\n","protected":false},"excerpt":{"rendered":"","protected":false},"author":1,"featured_media":336,"parent":0,"menu_order":0,"comment_status":"closed","ping_status":"closed","template":"","meta":{"_vp_format_video_url":"","_vp_image_focal_point":[],"footnotes":""},"class_list":["post-321","page","type-page","status-publish","has-post-thumbnail","hentry"],"_links":{"self":[{"href":"https:\/\/www.hkjameszh.sk\/index.php?rest_route=\/wp\/v2\/pages\/321","targetHints":{"allow":["GET"]}}],"collection":[{"href":"https:\/\/www.hkjameszh.sk\/index.php?rest_route=\/wp\/v2\/pages"}],"about":[{"href":"https:\/\/www.hkjameszh.sk\/index.php?rest_route=\/wp\/v2\/types\/page"}],"author":[{"embeddable":true,"href":"https:\/\/www.hkjameszh.sk\/index.php?rest_route=\/wp\/v2\/users\/1"}],"replies":[{"embeddable":true,"href":"https:\/\/www.hkjameszh.sk\/index.php?rest_route=%2Fwp%2Fv2%2Fcomments&post=321"}],"version-history":[{"count":6,"href":"https:\/\/www.hkjameszh.sk\/index.php?rest_route=\/wp\/v2\/pages\/321\/revisions"}],"predecessor-version":[{"id":596,"href":"https:\/\/www.hkjameszh.sk\/index.php?rest_route=\/wp\/v2\/pages\/321\/revisions\/596"}],"wp:featuredmedia":[{"embeddable":true,"href":"https:\/\/www.hkjameszh.sk\/index.php?rest_route=\/wp\/v2\/media\/336"}],"wp:attachment":[{"href":"https:\/\/www.hkjameszh.sk\/index.php?rest_route=%2Fwp%2Fv2%2Fmedia&parent=321"}],"curies":[{"name":"wp","href":"https:\/\/api.w.org\/{rel}","templated":true}]}}