{"id":91,"date":"2024-12-08T18:26:07","date_gmt":"2024-12-08T18:26:07","guid":{"rendered":"https:\/\/www.hkjameszh.sk\/?page_id=91"},"modified":"2024-12-13T06:51:38","modified_gmt":"2024-12-13T06:51:38","slug":"material-na-zapozicanie","status":"publish","type":"page","link":"https:\/\/www.hkjameszh.sk\/?page_id=91","title":{"rendered":"Materi\u00e1l na zapo\u017ei\u010danie"},"content":{"rendered":"\n<p><strong>Podmienky zapo\u017ei\u010dania klubov\u00e9ho materi\u00e1lu<\/strong><\/p>\n\n\n\n<p><strong>Ing. Tom\u00e1\u0161 Heriban&nbsp;<\/strong>\u2013 osoba zodpovedn\u00e1 za klubov\u00fd materi\u00e1l<\/p>\n\n\n\n<p><strong>Telef\u00f3nne \u010d\u00edslo:&nbsp;<\/strong>+421 910 968&nbsp;821<\/p>\n\n\n\n<p><strong>E- mail:&nbsp;<\/strong>xheribantomas<em>@gmail.sk<\/em><\/p>\n\n\n\n<ol class=\"wp-block-list\">\n<li>Materi\u00e1l si m\u00f4\u017ee zapo\u017ei\u010da\u0165 iba osoba, ktor\u00e1 je \u010dlenom klubu HK James \u017diar nad Hronom<\/li>\n\n\n\n<li>Zapo\u017ei\u010danie materi\u00e1lu \u010dakate\u013eovi do klubu alebo inej osobe je mo\u017en\u00e9 iba so s\u00fahlasom predsedu klubu a&nbsp;aj to iba na podpis \u010dlena klubu, ktor\u00fd sa zaru\u010d\u00ed&nbsp; svojim podpisom za osobu ktor\u00e1 nie je \u010dlenom klubu<\/li>\n\n\n\n<li>Nie je mo\u017en\u00e9 zapo\u017ei\u010da\u0165 klubov\u00fd materi\u00e1l \u010dlenovi klubu in\u00fdm \u010dlenom<\/li>\n\n\n\n<li>Materi\u00e1l je mo\u017en\u00e9 zapo\u017ei\u010da\u0165 na obdobie 7 -14 dn\u00ed (dlh\u0161ie zapo\u017ei\u010danie iba po osobnom s\u00fahlase osobe zodpovednej za klubov\u00fd materi\u00e1l)<\/li>\n\n\n\n<li>Materi\u00e1l sa zapo\u017ei\u010diava zadarmo<\/li>\n\n\n\n<li>Vyd\u00e1vanie a&nbsp;odovzd\u00e1vanie klubov\u00e9ho materi\u00e1lu je mo\u017en\u00e9 vo&nbsp;\u0161tvrtok od 18:00-20:00 hod. (ojedinele po telefonickom kontakte aj v&nbsp;in\u00fdch d\u0148och)<\/li>\n\n\n\n<li>Po\u010das trvania klubov\u00fdch akci\u00ed nie je mo\u017en\u00e9 si zapo\u017ei\u010da\u0165&nbsp; klubov\u00fd materi\u00e1l<\/li>\n\n\n\n<li>Osoba, ktor\u00e1 si zapo\u017ei\u010dia materi\u00e1l je v&nbsp;plnom rozsahu zodpovedn\u00e1 za vzniknut\u00e9 chyby, ktor\u00e9 pri jeho pou\u017e\u00edvan\u00ed vznikli<\/li>\n\n\n\n<li>Pri strate a po\u0161koden\u00ed klubov\u00e9ho materi\u00e1lu hrad\u00ed osoba, ktor\u00e1 svojim podpisom prevzala klubov\u00fd materi\u00e1l &nbsp;pln\u00fa sumu za straten\u00fd materi\u00e1l<\/li>\n\n\n\n<li>Pri &nbsp;prevzat\u00ed klubov\u00e9ho materi\u00e1lu sa vyp\u00ed\u0161e&nbsp; dotazn\u00edk so zapo\u017ei\u010dan\u00fdm materi\u00e1lom, po\u010dtom&nbsp; a&nbsp;vlastno- ru\u010dn\u00fdm podpisom o&nbsp;prevzat\u00ed<\/li>\n\n\n\n<li>Osoba zodpovedn\u00e1 za materi\u00e1l ur\u010d\u00ed, ktor\u00fd materi\u00e1l po\u017ei\u010dia, resp. pri viacer\u00fdch zna\u010diek materi\u00e1lu ur\u010d\u00ed osoba zodpovedn\u00e1 za materi\u00e1l, ktor\u00fa variantu po\u017ei\u010dia<\/li>\n\n\n\n<li>\u010clen klubu ktor\u00fd si zapo\u017ei\u010diava materi\u00e1l svojim podpisom preber\u00e1 v\u0161etku zodpovednos\u0165 za&nbsp; stav materi\u00e1lu v&nbsp;akom sa nach\u00e1dza<\/li>\n\n\n\n<li>Pri viacn\u00e1sobnom poru\u0161en\u00ed jednotliv\u00fdch bodov zapo\u017ei\u010diavania klubov\u00e9ho materi\u00e1lu bude \u010dlen klubu nahl\u00e1sen\u00fd Predsedovi klubu<\/li>\n\n\n\n<li>Pri akejko\u013evek pochybnosti,&nbsp;pod\u013ea vlastn\u00e9ho uv\u00e1\u017eenia a&nbsp;pri poru\u0161en\u00fd jednotliv\u00fdch bodov zapo\u017ei\u010dania nemus\u00ed by\u0165 klubov\u00fd materi\u00e1l vydan\u00fd<\/li>\n\n\n\n<li>Zapo\u017ei\u010dan\u00fd materi\u00e1l sa vracia kompletn\u00fd, nepo\u0161koden\u00fd, \u010dist\u00fd a such\u00fd<\/li>\n\n\n\n<li>HK James \u017diar nad Hronom a&nbsp;ani Ing. Tom\u00e1\u0161 Heriban- zodpovedn\u00fd ved\u00faci za klubov\u00fd sklad nie s\u00fa zodpovedn\u00ed ak \u010dlen klubu alebo in\u00e1 osoba nevie nar\u00e1ba\u0165 so zapo\u017ei\u010dan\u00fdm materi\u00e1lom&nbsp;<\/li>\n\n\n\n<li>HK James \u017diar nad Hronom a&nbsp;ani Ing. Tom\u00e1\u0161 Heriban- zodpovedn\u00fd ved\u00faci za klubov\u00fd sklad. Nezodpoved\u00e1 za \u0161kody, \u00farazy, smr\u0165 vzniknut\u00fa pri pou\u017e\u00edvan\u00ed a&nbsp;manipul\u00e1cii s&nbsp;klubov\u00fdm materi\u00e1lom<\/li>\n<\/ol>\n\n\n\n<div class=\"wp-block-file\"><a id=\"wp-block-file--media-ea296779-96ce-4466-a70a-fbdc79b8a8ce\" href=\"https:\/\/www.hkjameszh.sk\/wp-content\/uploads\/2024\/12\/PROTOKOL-O-PREVZATI.docx\">Protokol o prevzat\u00ed<\/a><a href=\"https:\/\/www.hkjameszh.sk\/wp-content\/uploads\/2024\/12\/PROTOKOL-O-PREVZATI.docx\" class=\"wp-block-file__button wp-element-button\" download aria-describedby=\"wp-block-file--media-ea296779-96ce-4466-a70a-fbdc79b8a8ce\">Stiahn\u00fa\u0165<\/a><\/div>\n\n\n\n<div data-wp-interactive=\"core\/file\" class=\"wp-block-file\"><object data-wp-bind--hidden=\"!state.hasPdfPreview\" hidden class=\"wp-block-file__embed\" data=\"https:\/\/www.hkjameszh.sk\/wp-content\/uploads\/2024\/12\/Zoznam-materialu.pdf\" type=\"application\/pdf\" style=\"width:100%;height:600px\" aria-label=\"Vlo\u017ei\u0165 Zoznam materi\u00e1lu.\"><\/object><a id=\"wp-block-file--media-d10fac71-b63f-46df-8845-89c4bedfd531\" href=\"https:\/\/www.hkjameszh.sk\/wp-content\/uploads\/2024\/12\/Zoznam-materialu.pdf\">Zoznam materi\u00e1lu<\/a><a href=\"https:\/\/www.hkjameszh.sk\/wp-content\/uploads\/2024\/12\/Zoznam-materialu.pdf\" class=\"wp-block-file__button wp-element-button\" download aria-describedby=\"wp-block-file--media-d10fac71-b63f-46df-8845-89c4bedfd531\">Stiahn\u00fa\u0165<\/a><\/div>\n\n\n\n<p><\/p>\n","protected":false},"excerpt":{"rendered":"<p>Podmienky zapo\u017ei\u010dania klubov\u00e9ho materi\u00e1lu Ing. Tom\u00e1\u0161 Heriban&nbsp;\u2013 osoba zodpovedn\u00e1 za klubov\u00fd materi\u00e1l Telef\u00f3nne \u010d\u00edslo:&nbsp;+421 910 968&nbsp;821 E- mail:&nbsp;xheribantomas@gmail.sk<\/p>\n","protected":false},"author":1,"featured_media":379,"parent":0,"menu_order":0,"comment_status":"closed","ping_status":"closed","template":"","meta":{"_vp_format_video_url":"","_vp_image_focal_point":[],"footnotes":""},"class_list":["post-91","page","type-page","status-publish","has-post-thumbnail","hentry"],"_links":{"self":[{"href":"https:\/\/www.hkjameszh.sk\/index.php?rest_route=\/wp\/v2\/pages\/91","targetHints":{"allow":["GET"]}}],"collection":[{"href":"https:\/\/www.hkjameszh.sk\/index.php?rest_route=\/wp\/v2\/pages"}],"about":[{"href":"https:\/\/www.hkjameszh.sk\/index.php?rest_route=\/wp\/v2\/types\/page"}],"author":[{"embeddable":true,"href":"https:\/\/www.hkjameszh.sk\/index.php?rest_route=\/wp\/v2\/users\/1"}],"replies":[{"embeddable":true,"href":"https:\/\/www.hkjameszh.sk\/index.php?rest_route=%2Fwp%2Fv2%2Fcomments&post=91"}],"version-history":[{"count":5,"href":"https:\/\/www.hkjameszh.sk\/index.php?rest_route=\/wp\/v2\/pages\/91\/revisions"}],"predecessor-version":[{"id":403,"href":"https:\/\/www.hkjameszh.sk\/index.php?rest_route=\/wp\/v2\/pages\/91\/revisions\/403"}],"wp:featuredmedia":[{"embeddable":true,"href":"https:\/\/www.hkjameszh.sk\/index.php?rest_route=\/wp\/v2\/media\/379"}],"wp:attachment":[{"href":"https:\/\/www.hkjameszh.sk\/index.php?rest_route=%2Fwp%2Fv2%2Fmedia&parent=91"}],"curies":[{"name":"wp","href":"https:\/\/api.w.org\/{rel}","templated":true}]}}