{"id":95,"date":"2024-12-08T18:26:07","date_gmt":"2024-12-08T18:26:07","guid":{"rendered":"https:\/\/www.hkjameszh.sk\/?page_id=95"},"modified":"2024-12-15T17:00:56","modified_gmt":"2024-12-15T17:00:56","slug":"podmienky-cerpania-financnych-prostriedkov","status":"publish","type":"page","link":"https:\/\/www.hkjameszh.sk\/?page_id=95","title":{"rendered":"Podmienky \u010derpania finan\u010dn\u00fdch prostriedkov"},"content":{"rendered":"\n<ol class=\"wp-block-list\">\n<li>\u010cinnos\u0165 oddielu sa riadi pod\u013ea pl\u00e1nu akci\u00ed a rozpo\u010dtu schv\u00e1len\u00e9ho \u010dlenskou sch\u00f4dzou .<\/li>\n\n\n\n<li>V\u00fd\u0161ka rozpo\u010dtu a po\u010det pl\u00e1novan\u00fdch akci\u00ed je podmienen\u00fd v\u00fd\u0161ke schv\u00e1len\u00fdch finan\u010dn\u00fdch prostriedkov do n\u00e1\u0161ho klubu.<\/li>\n\n\n\n<li>Na pl\u00e1novan\u00fa akciu sa ur\u010dia v\u017edy dvaja organiz\u00e1tori, ktor\u00fd bud\u00fa ma\u0165 na starosti organiz\u00e1ciu podujatia.<strong> \/<\/strong><strong> organiz\u00e1tori za podujatie neplatia \u017eiadne n\u00e1klady \/<\/strong><\/li>\n\n\n\n<li>Pr\u00edspevok na ubytovanie sa poskytuje do v\u00fd\u0161ky <strong>35 \u20ac \/ noc,<\/strong> <strong>max na 3 noci.<\/strong><\/li>\n\n\n\n<li>Oddiel s tejto sumy prepl\u00e1ca 50% n\u00e1kladov do sumy <strong>35 \u20ac \/ noc.<\/strong> na ka\u017ed\u00e9 podujatie sa ur\u010dia pl\u00e1novan\u00e9 n\u00e1klady<\/li>\n\n\n\n<li>Ak sa na podujatie prihl\u00e1si viac \u00fa\u010dastn\u00edkov a pl\u00e1novan\u00e9 financie nepokryj\u00fa skuto\u010dn\u00e9 n\u00e1klady, tento rozdiel si \u00fa\u010dastn\u00edci uhradia sami<\/li>\n\n\n\n<li>Pr\u00edspevok na podujatie sa vyplat\u00ed za podmienok, \u017ee sa podujatia z\u00fa\u010dastn\u00ed min.<strong>8<\/strong> \u010dlenov klubu.<\/li>\n\n\n\n<li>V pr\u00edpade ni\u017e\u0161ieho po\u010dtu sa akcia zru\u0161\u00ed, alebo si ju \u00fa\u010dastn\u00edci uhradia sami.<\/li>\n\n\n\n<li>Nako\u013eko ubytovanie sa mus\u00ed objedn\u00e1va\u0165 v predstihu a plat\u00ed sa aj z\u00e1loha za ubytovanie, na podujatie sa prihlasuje v\u017edy z\u00e1v\u00e4zne na pl\u00e1novan\u00fd po\u010det noc\u00ed. Ak sa prihl\u00e1sen\u00fd akcie nem\u00f4\u017ee z\u00fa\u010dastni\u0165 mus\u00ed za seba n\u00e1js\u0165 n\u00e1hradu, alebo uhradi\u0165 vzniknut\u00e9 n\u00e1klady zapr\u00ed\u010dinen\u00e9 svojou ne\u00fa\u010das\u0165ou.<\/li>\n\n\n\n<li>Na podujatie sa nahlasuje v\u017edy na pl\u00e1novan\u00fd po\u010det noc\u00ed. Ten kto chce \u00eds\u0165 na krat\u0161\u00ed term\u00edn si toto ubytovanie zabezpe\u010duje s\u00e1m. V pr\u00edpade skor\u0161ieho odchodu z akci\u00ed z\u00a0 ak\u00e9hoko\u013evek d\u00f4vodu si ka\u017ed\u00fd \u00fa\u010dastn\u00edk zaplat\u00ed vzniknut\u00e9 n\u00e1klady. Oddiel uhr\u00e1dza len tie noci kedy tam bol \u010dlen fyzicky pr\u00edtomn\u00fd.<\/li>\n\n\n\n<li><strong>Pri podujatiach, kde je obmedzen\u00e1 kapacita ubytovania, plat\u00ed z\u00e1sada, \u017ee prednos\u0165 na podujatie maj\u00fa t\u00ed, ktor\u00ed sa prihl\u00e1sila ako prv\u00ed a uhradia z\u00e1lohu. Prednos\u0165 maj\u00fa \u010dlenovia klubu a a\u017e potom ne\u010dlenovia.<\/strong><\/li>\n\n\n\n<li>Z ka\u017ed\u00e9ho podujatia organiz\u00e1tori predlo\u017eia spr\u00e1vu, zoznam \u00fa\u010dastn\u00edkov a doklady za ubytovanie hospod\u00e1rke klubu do 14 dn\u00ed od skon\u010denia akcie. K\u00f3piu odo\u0161l\u00fa rev\u00edzorovi, predsedovi a podpredsedovi.<\/li>\n\n\n\n<li>Spr\u00e1va s podujatia mus\u00ed by\u0165 stru\u010dn\u00e1 s popisom kde sa podujatie uskuto\u010dnilo, kde sa liezlo \u00a0\/ oblas\u0165,\u0161t\u00edt, cesta, pri skalk\u00e1ch sektor a pod. \/<\/li>\n\n\n\n<li>Organiz\u00e1tori podujatia v predstihu obozn\u00e1mia, kedy a kde sa podujatie uskuto\u010dn\u00ed ako aj s in\u00fdmi podmienkami \/ \u00fahrada z\u00e1lohy, mo\u017enosti stravovania, a pod. \/<\/li>\n\n\n\n<li>\u00a0 Ak sa platba za ubytovanie mus\u00ed zaplati\u0165 v predstihu, a na pl\u00e1novan\u00e9 podujatie sa prihl\u00e1si menej \u013eud\u00ed, ako sa uva\u017eovalo, rozdiel medzi pl\u00e1novan\u00fdm po\u010dtom \u013eud\u00ed a skuto\u010dne prihl\u00e1sen\u00fdmi uhrad\u00ed oddiel.<\/li>\n\n\n\n<li>\u00a0 Z\u013eava na podujatie vznik\u00e1 \u010dlenom HK James ZH a aj t\u00fdm , ktor\u00ed si do 1.3. kalend\u00e1rneho roka zaplatili \u010dlensk\u00fa zn\u00e1mku.<\/li>\n\n\n\n<li>\u00a0 Na podujatie spojen\u00e9 s metodikou a prvou pomocou n\u00e1klady na podujatie uhr\u00e1dza oddiel.\u00a0<\/li>\n\n\n\n<li> Z\u00e1loha za ubytovanie sa do poru\u010duje vraca\u0165 a\u017e, po kontrole dokladov rev\u00edzorom klubu.<\/li>\n<\/ol>\n\n\n\n<p><\/p>\n","protected":false},"excerpt":{"rendered":"","protected":false},"author":1,"featured_media":0,"parent":0,"menu_order":0,"comment_status":"closed","ping_status":"closed","template":"","meta":{"_vp_format_video_url":"","_vp_image_focal_point":[],"footnotes":""},"class_list":["post-95","page","type-page","status-publish","hentry"],"_links":{"self":[{"href":"https:\/\/www.hkjameszh.sk\/index.php?rest_route=\/wp\/v2\/pages\/95","targetHints":{"allow":["GET"]}}],"collection":[{"href":"https:\/\/www.hkjameszh.sk\/index.php?rest_route=\/wp\/v2\/pages"}],"about":[{"href":"https:\/\/www.hkjameszh.sk\/index.php?rest_route=\/wp\/v2\/types\/page"}],"author":[{"embeddable":true,"href":"https:\/\/www.hkjameszh.sk\/index.php?rest_route=\/wp\/v2\/users\/1"}],"replies":[{"embeddable":true,"href":"https:\/\/www.hkjameszh.sk\/index.php?rest_route=%2Fwp%2Fv2%2Fcomments&post=95"}],"version-history":[{"count":6,"href":"https:\/\/www.hkjameszh.sk\/index.php?rest_route=\/wp\/v2\/pages\/95\/revisions"}],"predecessor-version":[{"id":635,"href":"https:\/\/www.hkjameszh.sk\/index.php?rest_route=\/wp\/v2\/pages\/95\/revisions\/635"}],"wp:attachment":[{"href":"https:\/\/www.hkjameszh.sk\/index.php?rest_route=%2Fwp%2Fv2%2Fmedia&parent=95"}],"curies":[{"name":"wp","href":"https:\/\/api.w.org\/{rel}","templated":true}]}}